{"id":5175,"date":"2023-03-09T10:47:20","date_gmt":"2023-03-09T10:47:20","guid":{"rendered":"https:\/\/hasselsprockets.com\/iletisim\/"},"modified":"2025-02-12T14:03:47","modified_gmt":"2025-02-12T14:03:47","slug":"iletisim","status":"publish","type":"page","link":"https:\/\/hasselsprockets.com\/tr\/iletisim\/","title":{"rendered":"\u0130leti\u015fim"},"content":{"rendered":"\t\t<div data-elementor-type=\"wp-page\" data-elementor-id=\"5175\" class=\"elementor elementor-5175\">\n\t\t\t\t<div class=\"elementor-element elementor-element-8afa389 e-flex e-con-boxed e-con e-parent\" data-id=\"8afa389\" data-element_type=\"container\" data-e-type=\"container\">\n\t\t\t\t\t<div class=\"e-con-inner\">\n\t\t\t\t<div class=\"elementor-element elementor-element-64e1fb8 elementor-widget elementor-widget-shortcode\" data-id=\"64e1fb8\" data-element_type=\"widget\" data-e-type=\"widget\" data-widget_type=\"shortcode.default\">\n\t\t\t\t<div class=\"elementor-widget-container\">\n\t\t\t\t\t\t\t<div class=\"elementor-shortcode\">\n<div\n\t class=\"wpml-ls-statics-shortcode_actions wpml-ls wpml-ls-legacy-dropdown js-wpml-ls-legacy-dropdown\">\n\t<ul>\n\n\t\t<li tabindex=\"0\" class=\"wpml-ls-slot-shortcode_actions wpml-ls-item wpml-ls-item-tr wpml-ls-current-language wpml-ls-item-legacy-dropdown\">\n\t\t\t<a href=\"#\" class=\"js-wpml-ls-item-toggle wpml-ls-item-toggle\">\n                                                    <img decoding=\"async\"\n            class=\"wpml-ls-flag\"\n            src=\"https:\/\/hasselsprockets.com\/wp-content\/plugins\/sitepress-multilingual-cms\/res\/flags\/tr.svg\"\n            alt=\"\"\n            width=18\n            height=12\n    \/><span class=\"wpml-ls-native\">T\u00fcrk\u00e7e<\/span><\/a>\n\n\t\t\t<ul class=\"wpml-ls-sub-menu\">\n\t\t\t\t\n\t\t\t\t\t<li class=\"wpml-ls-slot-shortcode_actions wpml-ls-item wpml-ls-item-en wpml-ls-first-item\">\n\t\t\t\t\t\t<a href=\"https:\/\/hasselsprockets.com\/\" class=\"wpml-ls-link\">\n                                                                <img decoding=\"async\"\n            class=\"wpml-ls-flag\"\n            src=\"https:\/\/hasselsprockets.com\/wp-content\/plugins\/sitepress-multilingual-cms\/res\/flags\/en.svg\"\n            alt=\"\"\n            width=18\n            height=12\n    \/><span class=\"wpml-ls-native\" lang=\"en\">English<\/span><span class=\"wpml-ls-display\"><span class=\"wpml-ls-bracket\"> (<\/span>\u0130ngilizce<span class=\"wpml-ls-bracket\">)<\/span><\/span><\/a>\n\t\t\t\t\t<\/li>\n\n\t\t\t\t\n\t\t\t\t\t<li class=\"wpml-ls-slot-shortcode_actions wpml-ls-item wpml-ls-item-ru\">\n\t\t\t\t\t\t<a href=\"https:\/\/hasselsprockets.com\/ru\/\" class=\"wpml-ls-link\">\n                                                                <img decoding=\"async\"\n            class=\"wpml-ls-flag\"\n            src=\"https:\/\/hasselsprockets.com\/wp-content\/plugins\/sitepress-multilingual-cms\/res\/flags\/ru.svg\"\n            alt=\"\"\n            width=18\n            height=12\n    \/><span class=\"wpml-ls-native\" lang=\"ru\">\u0420\u0443\u0441\u0441\u043a\u0438\u0439<\/span><span class=\"wpml-ls-display\"><span class=\"wpml-ls-bracket\"> (<\/span>Rus\u00e7a<span class=\"wpml-ls-bracket\">)<\/span><\/span><\/a>\n\t\t\t\t\t<\/li>\n\n\t\t\t\t\n\t\t\t\t\t<li class=\"wpml-ls-slot-shortcode_actions wpml-ls-item wpml-ls-item-ar wpml-ls-last-item\">\n\t\t\t\t\t\t<a href=\"https:\/\/hasselsprockets.com\/ar\/\" class=\"wpml-ls-link\">\n                                                                <img decoding=\"async\"\n            class=\"wpml-ls-flag\"\n            src=\"https:\/\/hasselsprockets.com\/wp-content\/plugins\/sitepress-multilingual-cms\/res\/flags\/ar.svg\"\n            alt=\"\"\n            width=18\n            height=12\n    \/><span class=\"wpml-ls-native\" lang=\"ar\">\u0627\u0644\u0639\u0631\u0628\u064a\u0629<\/span><span class=\"wpml-ls-display\"><span class=\"wpml-ls-bracket\"> (<\/span>Arap\u00e7a<span class=\"wpml-ls-bracket\">)<\/span><\/span><\/a>\n\t\t\t\t\t<\/li>\n\n\t\t\t\t\t\t\t<\/ul>\n\n\t\t<\/li>\n\n\t<\/ul>\n<\/div>\n<\/div>\n\t\t\t\t\t\t<\/div>\n\t\t\t\t<\/div>\n\t\t\t\t\t<\/div>\n\t\t\t\t<\/div>\n\t\t\t\t<section class=\"elementor-section elementor-top-section elementor-element elementor-element-8b26ca1 elementor-section-full_width elementor-section-height-default elementor-section-height-default\" data-id=\"8b26ca1\" data-element_type=\"section\" data-e-type=\"section\">\n\t\t\t\t\t\t<div class=\"elementor-container elementor-column-gap-no\">\n\t\t\t\t\t<div class=\"elementor-column elementor-col-50 elementor-top-column elementor-element elementor-element-d398bf6\" data-id=\"d398bf6\" data-element_type=\"column\" data-e-type=\"column\">\n\t\t\t<div class=\"elementor-widget-wrap elementor-element-populated\">\n\t\t\t\t\t\t<div class=\"elementor-element elementor-element-84f074f elementor-widget elementor-widget-blonwe-page-banner\" data-id=\"84f074f\" data-element_type=\"widget\" data-e-type=\"widget\" data-widget_type=\"blonwe-page-banner.default\">\n\t\t\t\t<div class=\"elementor-widget-container\">\n\t\t\t\t\t<div class=\"page-header\"><div class=\"container\"><div class=\"page-header-inner\"><h1 class=\"entry-title\">Bize sorular sorabilirsiniz!<\/h1><div class=\"entry-description\"><p>T\u00fcm sorular\u0131n\u0131z ve g\u00f6r\u00fc\u015fleriniz i\u00e7in bizimle ileti\u015fime ge\u00e7ebilirsiniz veya ileti\u015fim ofislerimizle sorunlar\u0131n\u0131za daha k\u0131sa s\u00fcrede \u00e7\u00f6z\u00fcm bulabilirsiniz.\n<\/p><\/div><\/div><\/div><\/div>\t\t\t\t<\/div>\n\t\t\t\t<\/div>\n\t\t\t\t\t<\/div>\n\t\t<\/div>\n\t\t\t\t<div class=\"elementor-column elementor-col-50 elementor-top-column elementor-element elementor-element-4261806\" data-id=\"4261806\" data-element_type=\"column\" data-e-type=\"column\">\n\t\t\t<div class=\"elementor-widget-wrap elementor-element-populated\">\n\t\t\t\t\t\t<div class=\"elementor-element elementor-element-528fa66 elementor-widget__width-initial elementor-widget elementor-widget-image\" data-id=\"528fa66\" data-element_type=\"widget\" data-e-type=\"widget\" data-widget_type=\"image.default\">\n\t\t\t\t<div class=\"elementor-widget-container\">\n\t\t\t\t\t\t\t\t\t\t\t\t\t\t\t<img fetchpriority=\"high\" decoding=\"async\" width=\"680\" height=\"318\" src=\"https:\/\/hasselsprockets.com\/wp-content\/uploads\/2024\/12\/unnamed-1-1.jpg\" class=\"attachment-large size-large wp-image-5348\" alt=\"\" srcset=\"https:\/\/hasselsprockets.com\/wp-content\/uploads\/2024\/12\/unnamed-1-1.jpg 680w, https:\/\/hasselsprockets.com\/wp-content\/uploads\/2024\/12\/unnamed-1-1-300x140.jpg 300w, https:\/\/hasselsprockets.com\/wp-content\/uploads\/2024\/12\/unnamed-1-1-90x42.jpg 90w\" sizes=\"(max-width: 680px) 100vw, 680px\" \/>\t\t\t\t\t\t\t\t\t\t\t\t\t\t\t<\/div>\n\t\t\t\t<\/div>\n\t\t\t\t\t<\/div>\n\t\t<\/div>\n\t\t\t\t\t<\/div>\n\t\t<\/section>\n\t\t\t\t<section class=\"elementor-section elementor-top-section elementor-element elementor-element-6f76042 elementor-section-boxed elementor-section-height-default elementor-section-height-default\" data-id=\"6f76042\" data-element_type=\"section\" data-e-type=\"section\">\n\t\t\t\t\t\t<div class=\"elementor-container elementor-column-gap-extended\">\n\t\t\t\t\t<div class=\"elementor-column elementor-col-50 elementor-top-column elementor-element elementor-element-15a63b9\" data-id=\"15a63b9\" data-element_type=\"column\" data-e-type=\"column\">\n\t\t\t<div class=\"elementor-widget-wrap elementor-element-populated\">\n\t\t\t\t\t\t<div class=\"elementor-element elementor-element-65187c1 elementor-widget__width-initial elementor-widget elementor-widget-blonwe-address-box\" data-id=\"65187c1\" data-element_type=\"widget\" data-e-type=\"widget\" data-widget_type=\"blonwe-address-box.default\">\n\t\t\t\t<div class=\"elementor-widget-container\">\n\t\t\t\t\t<div class=\"klb-address-detail style-1\"><div class=\"address-icon number\">01<\/div><div class=\"address-detail\"><div class=\"address-country\">Office<\/div><div class=\"address-title\">Sales Office<\/div><p class=\"address\">Yeni\u015fehir Mah. Akkaya Sok. Yolkent Sit.\nC-Blok No:2 34912-Kurtk\u00f6y-\u0130stanbul \/T\u00fcrkiye<\/p><p class=\"phone\"><a href=\"tel:Telefon (Mobil): +90 532 576 29 84           Telefon (Ofis):  +90 216 685 12 49            Faks: +90 216 685 12 49 \/ +90  216 639 41 42\">Telefon (Mobil): +90 532 576 29 84           Telefon (Ofis):  +90 216 685 12 49            Faks: +90 216 685 12 49 \/ +90  216 639 41 42<\/a><\/p><a href=\"mailto:export@hasselsprockets.com &lt;br&gt; kahanun@yahoo.com\" class=\"email\">export@hasselsprockets.com &lt;br&gt; kahanun@yahoo.com<\/a><\/div><\/div>\t\t\t\t<\/div>\n\t\t\t\t<\/div>\n\t\t\t\t<div class=\"elementor-element elementor-element-1762945 elementor-position-inline-start elementor-view-default elementor-mobile-position-block-start elementor-widget elementor-widget-icon-box\" data-id=\"1762945\" data-element_type=\"widget\" data-e-type=\"widget\" data-widget_type=\"icon-box.default\">\n\t\t\t\t<div class=\"elementor-widget-container\">\n\t\t\t\t\t\t\t<div class=\"elementor-icon-box-wrapper\">\n\n\t\t\t\t\t\t<div class=\"elementor-icon-box-icon\">\n\t\t\t\t<span  class=\"elementor-icon\">\n\t\t\t\t<svg aria-hidden=\"true\" class=\"e-font-icon-svg e-fab-line\" viewBox=\"0 0 448 512\" xmlns=\"http:\/\/www.w3.org\/2000\/svg\"><path d=\"M272.1 204.2v71.1c0 1.8-1.4 3.2-3.2 3.2h-11.4c-1.1 0-2.1-.6-2.6-1.3l-32.6-44v42.2c0 1.8-1.4 3.2-3.2 3.2h-11.4c-1.8 0-3.2-1.4-3.2-3.2v-71.1c0-1.8 1.4-3.2 3.2-3.2H219c1 0 2.1.5 2.6 1.4l32.6 44v-42.2c0-1.8 1.4-3.2 3.2-3.2h11.4c1.8-.1 3.3 1.4 3.3 3.1zm-82-3.2h-11.4c-1.8 0-3.2 1.4-3.2 3.2v71.1c0 1.8 1.4 3.2 3.2 3.2h11.4c1.8 0 3.2-1.4 3.2-3.2v-71.1c0-1.7-1.4-3.2-3.2-3.2zm-27.5 59.6h-31.1v-56.4c0-1.8-1.4-3.2-3.2-3.2h-11.4c-1.8 0-3.2 1.4-3.2 3.2v71.1c0 .9.3 1.6.9 2.2.6.5 1.3.9 2.2.9h45.7c1.8 0 3.2-1.4 3.2-3.2v-11.4c0-1.7-1.4-3.2-3.1-3.2zM332.1 201h-45.7c-1.7 0-3.2 1.4-3.2 3.2v71.1c0 1.7 1.4 3.2 3.2 3.2h45.7c1.8 0 3.2-1.4 3.2-3.2v-11.4c0-1.8-1.4-3.2-3.2-3.2H301v-12h31.1c1.8 0 3.2-1.4 3.2-3.2V234c0-1.8-1.4-3.2-3.2-3.2H301v-12h31.1c1.8 0 3.2-1.4 3.2-3.2v-11.4c-.1-1.7-1.5-3.2-3.2-3.2zM448 113.7V399c-.1 44.8-36.8 81.1-81.7 81H81c-44.8-.1-81.1-36.9-81-81.7V113c.1-44.8 36.9-81.1 81.7-81H367c44.8.1 81.1 36.8 81 81.7zm-61.6 122.6c0-73-73.2-132.4-163.1-132.4-89.9 0-163.1 59.4-163.1 132.4 0 65.4 58 120.2 136.4 130.6 19.1 4.1 16.9 11.1 12.6 36.8-.7 4.1-3.3 16.1 14.1 8.8 17.4-7.3 93.9-55.3 128.2-94.7 23.6-26 34.9-52.3 34.9-81.5z\"><\/path><\/svg>\t\t\t\t<\/span>\n\t\t\t<\/div>\n\t\t\t\n\t\t\t\t\t\t<div class=\"elementor-icon-box-content\">\n\n\t\t\t\t\t\t\t\t\t<h3 class=\"elementor-icon-box-title\">\n\t\t\t\t\t\t<span  >\n\t\t\t\t\t\t\tKahanUn\t\t\t\t\t\t<\/span>\n\t\t\t\t\t<\/h3>\n\t\t\t\t\n\t\t\t\t\t\t\t\t\t<p class=\"elementor-icon-box-description\">\n\t\t\t\t\t\tLine\t\t\t\t\t<\/p>\n\t\t\t\t\n\t\t\t<\/div>\n\t\t\t\n\t\t<\/div>\n\t\t\t\t\t\t<\/div>\n\t\t\t\t<\/div>\n\t\t\t\t<div class=\"elementor-element elementor-element-6ba95a5 elementor-position-inline-start elementor-view-default elementor-mobile-position-block-start elementor-widget elementor-widget-icon-box\" data-id=\"6ba95a5\" data-element_type=\"widget\" data-e-type=\"widget\" data-widget_type=\"icon-box.default\">\n\t\t\t\t<div class=\"elementor-widget-container\">\n\t\t\t\t\t\t\t<div class=\"elementor-icon-box-wrapper\">\n\n\t\t\t\t\t\t<div class=\"elementor-icon-box-icon\">\n\t\t\t\t<span  class=\"elementor-icon\">\n\t\t\t\t<svg aria-hidden=\"true\" class=\"e-font-icon-svg e-fab-skype\" viewBox=\"0 0 448 512\" xmlns=\"http:\/\/www.w3.org\/2000\/svg\"><path d=\"M424.7 299.8c2.9-14 4.7-28.9 4.7-43.8 0-113.5-91.9-205.3-205.3-205.3-14.9 0-29.7 1.7-43.8 4.7C161.3 40.7 137.7 32 112 32 50.2 32 0 82.2 0 144c0 25.7 8.7 49.3 23.3 68.2-2.9 14-4.7 28.9-4.7 43.8 0 113.5 91.9 205.3 205.3 205.3 14.9 0 29.7-1.7 43.8-4.7 19 14.6 42.6 23.3 68.2 23.3 61.8 0 112-50.2 112-112 .1-25.6-8.6-49.2-23.2-68.1zm-194.6 91.5c-65.6 0-120.5-29.2-120.5-65 0-16 9-30.6 29.5-30.6 31.2 0 34.1 44.9 88.1 44.9 25.7 0 42.3-11.4 42.3-26.3 0-18.7-16-21.6-42-28-62.5-15.4-117.8-22-117.8-87.2 0-59.2 58.6-81.1 109.1-81.1 55.1 0 110.8 21.9 110.8 55.4 0 16.9-11.4 31.8-30.3 31.8-28.3 0-29.2-33.5-75-33.5-25.7 0-42 7-42 22.5 0 19.8 20.8 21.8 69.1 33 41.4 9.3 90.7 26.8 90.7 77.6 0 59.1-57.1 86.5-112 86.5z\"><\/path><\/svg>\t\t\t\t<\/span>\n\t\t\t<\/div>\n\t\t\t\n\t\t\t\t\t\t<div class=\"elementor-icon-box-content\">\n\n\t\t\t\t\t\t\t\t\t<h3 class=\"elementor-icon-box-title\">\n\t\t\t\t\t\t<span  >\n\t\t\t\t\t\t\tKahan.Un\t\t\t\t\t\t<\/span>\n\t\t\t\t\t<\/h3>\n\t\t\t\t\n\t\t\t\t\t\t\t\t\t<p class=\"elementor-icon-box-description\">\n\t\t\t\t\t\tSkype\t\t\t\t\t<\/p>\n\t\t\t\t\n\t\t\t<\/div>\n\t\t\t\n\t\t<\/div>\n\t\t\t\t\t\t<\/div>\n\t\t\t\t<\/div>\n\t\t\t\t<div class=\"elementor-element elementor-element-9fbd9e4 elementor-position-inline-start elementor-view-default elementor-mobile-position-block-start elementor-widget elementor-widget-icon-box\" data-id=\"9fbd9e4\" data-element_type=\"widget\" data-e-type=\"widget\" data-widget_type=\"icon-box.default\">\n\t\t\t\t<div class=\"elementor-widget-container\">\n\t\t\t\t\t\t\t<div class=\"elementor-icon-box-wrapper\">\n\n\t\t\t\t\t\t<div class=\"elementor-icon-box-icon\">\n\t\t\t\t<span  class=\"elementor-icon\">\n\t\t\t\t<svg aria-hidden=\"true\" class=\"e-font-icon-svg e-fab-weixin\" viewBox=\"0 0 576 512\" xmlns=\"http:\/\/www.w3.org\/2000\/svg\"><path d=\"M385.2 167.6c6.4 0 12.6.3 18.8 1.1C387.4 90.3 303.3 32 207.7 32 100.5 32 13 104.8 13 197.4c0 53.4 29.3 97.5 77.9 131.6l-19.3 58.6 68-34.1c24.4 4.8 43.8 9.7 68.2 9.7 6.2 0 12.1-.3 18.3-.8-4-12.9-6.2-26.6-6.2-40.8-.1-84.9 72.9-154 165.3-154zm-104.5-52.9c14.5 0 24.2 9.7 24.2 24.4 0 14.5-9.7 24.2-24.2 24.2-14.8 0-29.3-9.7-29.3-24.2.1-14.7 14.6-24.4 29.3-24.4zm-136.4 48.6c-14.5 0-29.3-9.7-29.3-24.2 0-14.8 14.8-24.4 29.3-24.4 14.8 0 24.4 9.7 24.4 24.4 0 14.6-9.6 24.2-24.4 24.2zM563 319.4c0-77.9-77.9-141.3-165.4-141.3-92.7 0-165.4 63.4-165.4 141.3S305 460.7 397.6 460.7c19.3 0 38.9-5.1 58.6-9.9l53.4 29.3-14.8-48.6C534 402.1 563 363.2 563 319.4zm-219.1-24.5c-9.7 0-19.3-9.7-19.3-19.6 0-9.7 9.7-19.3 19.3-19.3 14.8 0 24.4 9.7 24.4 19.3 0 10-9.7 19.6-24.4 19.6zm107.1 0c-9.7 0-19.3-9.7-19.3-19.6 0-9.7 9.7-19.3 19.3-19.3 14.5 0 24.4 9.7 24.4 19.3.1 10-9.9 19.6-24.4 19.6z\"><\/path><\/svg>\t\t\t\t<\/span>\n\t\t\t<\/div>\n\t\t\t\n\t\t\t\t\t\t<div class=\"elementor-icon-box-content\">\n\n\t\t\t\t\t\t\t\t\t<h3 class=\"elementor-icon-box-title\">\n\t\t\t\t\t\t<span  >\n\t\t\t\t\t\t\tKahanUn\t\t\t\t\t\t<\/span>\n\t\t\t\t\t<\/h3>\n\t\t\t\t\n\t\t\t\t\t\t\t\t\t<p class=\"elementor-icon-box-description\">\n\t\t\t\t\t\tWeChat\t\t\t\t\t<\/p>\n\t\t\t\t\n\t\t\t<\/div>\n\t\t\t\n\t\t<\/div>\n\t\t\t\t\t\t<\/div>\n\t\t\t\t<\/div>\n\t\t\t\t\t<\/div>\n\t\t<\/div>\n\t\t\t\t<div class=\"elementor-column elementor-col-50 elementor-top-column elementor-element elementor-element-af8508f\" data-id=\"af8508f\" data-element_type=\"column\" data-e-type=\"column\">\n\t\t\t<div class=\"elementor-widget-wrap elementor-element-populated\">\n\t\t\t\t\t\t<div class=\"elementor-element elementor-element-52553e8 elementor-widget elementor-widget-blonwe-address-box\" data-id=\"52553e8\" data-element_type=\"widget\" data-e-type=\"widget\" data-widget_type=\"blonwe-address-box.default\">\n\t\t\t\t<div class=\"elementor-widget-container\">\n\t\t\t\t\t<div class=\"klb-address-detail style-1\"><div class=\"address-icon number\">02<\/div><div class=\"address-detail\"><div class=\"address-country\">Fabrika<\/div><div class=\"address-title\">\u00dcretim Merkezi<\/div><p class=\"address\">S\u00fcleyman Demirel Organize Sanayi B\u00f6lgesi 104 cd. No: 3 Merkez \/ ISPARTA<\/p><p class=\"phone\"><a href=\"tel:Telefon: +90 246 556 55 38\">Telefon: +90 246 556 55 38<\/a><\/p><a href=\"mailto:hassel@hasselsprockets.com\" class=\"email\">hassel@hasselsprockets.com<\/a><\/div><\/div>\t\t\t\t<\/div>\n\t\t\t\t<\/div>\n\t\t\t\t\t<\/div>\n\t\t<\/div>\n\t\t\t\t\t<\/div>\n\t\t<\/section>\n\t\t\t\t<section class=\"elementor-section elementor-top-section elementor-element elementor-element-5d2fefe elementor-section-boxed elementor-section-height-default elementor-section-height-default\" data-id=\"5d2fefe\" data-element_type=\"section\" data-e-type=\"section\">\n\t\t\t\t\t\t<div class=\"elementor-container elementor-column-gap-extended\">\n\t\t\t\t\t<div class=\"elementor-column elementor-col-100 elementor-top-column elementor-element elementor-element-823e090\" data-id=\"823e090\" data-element_type=\"column\" data-e-type=\"column\">\n\t\t\t<div class=\"elementor-widget-wrap elementor-element-populated\">\n\t\t\t\t\t\t<div class=\"elementor-element elementor-element-a05ff7d elementor-widget-divider--view-line elementor-widget elementor-widget-divider\" data-id=\"a05ff7d\" data-element_type=\"widget\" data-e-type=\"widget\" data-widget_type=\"divider.default\">\n\t\t\t\t<div class=\"elementor-widget-container\">\n\t\t\t\t\t\t\t<div class=\"elementor-divider\">\n\t\t\t<span class=\"elementor-divider-separator\">\n\t\t\t\t\t\t<\/span>\n\t\t<\/div>\n\t\t\t\t\t\t<\/div>\n\t\t\t\t<\/div>\n\t\t\t\t\t<\/div>\n\t\t<\/div>\n\t\t\t\t\t<\/div>\n\t\t<\/section>\n\t\t\t\t<section class=\"elementor-section elementor-top-section elementor-element elementor-element-ca22c7f elementor-section-boxed elementor-section-height-default elementor-section-height-default\" data-id=\"ca22c7f\" data-element_type=\"section\" data-e-type=\"section\">\n\t\t\t\t\t\t<div class=\"elementor-container elementor-column-gap-extended\">\n\t\t\t\t\t<div class=\"elementor-column elementor-col-33 elementor-top-column elementor-element elementor-element-78759f7\" data-id=\"78759f7\" data-element_type=\"column\" data-e-type=\"column\">\n\t\t\t<div class=\"elementor-widget-wrap elementor-element-populated\">\n\t\t\t\t\t\t<div class=\"elementor-element elementor-element-14628b4 elementor-widget elementor-widget-blonwe-icon-box\" data-id=\"14628b4\" data-element_type=\"widget\" data-e-type=\"widget\" data-widget_type=\"blonwe-icon-box.default\">\n\t\t\t\t<div class=\"elementor-widget-container\">\n\t\t\t\t\t<div class=\"klb-module module-iconbox \"><div class=\"module-body\"><div class=\"iconbox-icon\"><i class=\"klb-delivery-icon-ship-o\"><\/i><\/div><div class=\"iconbox-content\"><h4 class=\"entry-title\">Her Yere Teslimat<\/h4><p>Her Yere Kargo \u0130mkan\u0131<\/p><\/div> <\/div> <\/div>\t\t\t\t<\/div>\n\t\t\t\t<\/div>\n\t\t\t\t\t<\/div>\n\t\t<\/div>\n\t\t\t\t<div class=\"elementor-column elementor-col-33 elementor-top-column elementor-element elementor-element-cd3e214\" data-id=\"cd3e214\" data-element_type=\"column\" data-e-type=\"column\">\n\t\t\t<div class=\"elementor-widget-wrap elementor-element-populated\">\n\t\t\t\t\t\t<div class=\"elementor-element elementor-element-2628aff elementor-widget elementor-widget-blonwe-icon-box\" data-id=\"2628aff\" data-element_type=\"widget\" data-e-type=\"widget\" data-widget_type=\"blonwe-icon-box.default\">\n\t\t\t\t<div class=\"elementor-widget-container\">\n\t\t\t\t\t<div class=\"klb-module module-iconbox \"><div class=\"module-body\"><div class=\"iconbox-icon\"><i class=\"klb-delivery-icon-call-center\"><\/i><\/div><div class=\"iconbox-content\"><h4 class=\"entry-title\">Canl\u0131 Destek 24\/7<\/h4><p>24  saat canl\u0131 destek veriyoruz\n<\/p><\/div> <\/div> <\/div>\t\t\t\t<\/div>\n\t\t\t\t<\/div>\n\t\t\t\t\t<\/div>\n\t\t<\/div>\n\t\t\t\t<div class=\"elementor-column elementor-col-33 elementor-top-column elementor-element elementor-element-4ba40b4\" data-id=\"4ba40b4\" data-element_type=\"column\" data-e-type=\"column\">\n\t\t\t<div class=\"elementor-widget-wrap elementor-element-populated\">\n\t\t\t\t\t\t<div class=\"elementor-element elementor-element-00c610d elementor-widget elementor-widget-blonwe-icon-box\" data-id=\"00c610d\" data-element_type=\"widget\" data-e-type=\"widget\" data-widget_type=\"blonwe-icon-box.default\">\n\t\t\t\t<div class=\"elementor-widget-container\">\n\t\t\t\t\t<div class=\"klb-module module-iconbox \"><div class=\"module-body\"><div class=\"iconbox-icon\"><i class=\"klb-delivery-icon-credit-card\"><\/i><\/div><div class=\"iconbox-content\"><h4 class=\"entry-title\">G\u00fcvenilir \u00d6deme<\/h4><p>G\u00fcvenilir \u00f6deme y\u00f6ntemleri kullan\u0131yoruz.<\/p><\/div> <\/div> <\/div>\t\t\t\t<\/div>\n\t\t\t\t<\/div>\n\t\t\t\t\t<\/div>\n\t\t<\/div>\n\t\t\t\t\t<\/div>\n\t\t<\/section>\n\t\t\t\t<\/div>\n\t\t","protected":false},"excerpt":{"rendered":"<p>Bize sorular sorabilirsiniz! T\u00fcm sorular\u0131n\u0131z ve g\u00f6r\u00fc\u015fleriniz i\u00e7in bizimle ileti\u015fime ge\u00e7ebilirsiniz veya ileti\u015fim ofislerimizle sorunlar\u0131n\u0131za daha k\u0131sa s\u00fcrede \u00e7\u00f6z\u00fcm bulabilirsiniz. 01OfficeSales Office Yeni\u015fehir Mah. Akkaya Sok. Yolkent Sit. C-Blok No:2 34912-Kurtk\u00f6y-\u0130stanbul \/T\u00fcrkiye Telefon (Mobil): +90 532 576 29 84 Telefon (Ofis): +90 216 685 12 49 Faks: +90 216 685 12 49 \/ +90 216<\/p>\n<div class=\"klb-readmore button\"><a class=\"btn link\" href=\"https:\/\/hasselsprockets.com\/tr\/iletisim\/\">Read More <i class=\"klbth-icon-right-arrow\"><\/i><\/a><\/div>\n","protected":false},"author":3,"featured_media":0,"parent":0,"menu_order":0,"comment_status":"closed","ping_status":"closed","template":"","meta":{"footnotes":""},"class_list":["post-5175","page","type-page","status-publish","hentry"],"_links":{"self":[{"href":"https:\/\/hasselsprockets.com\/tr\/wp-json\/wp\/v2\/pages\/5175","targetHints":{"allow":["GET"]}}],"collection":[{"href":"https:\/\/hasselsprockets.com\/tr\/wp-json\/wp\/v2\/pages"}],"about":[{"href":"https:\/\/hasselsprockets.com\/tr\/wp-json\/wp\/v2\/types\/page"}],"author":[{"embeddable":true,"href":"https:\/\/hasselsprockets.com\/tr\/wp-json\/wp\/v2\/users\/3"}],"replies":[{"embeddable":true,"href":"https:\/\/hasselsprockets.com\/tr\/wp-json\/wp\/v2\/comments?post=5175"}],"version-history":[{"count":22,"href":"https:\/\/hasselsprockets.com\/tr\/wp-json\/wp\/v2\/pages\/5175\/revisions"}],"predecessor-version":[{"id":5620,"href":"https:\/\/hasselsprockets.com\/tr\/wp-json\/wp\/v2\/pages\/5175\/revisions\/5620"}],"wp:attachment":[{"href":"https:\/\/hasselsprockets.com\/tr\/wp-json\/wp\/v2\/media?parent=5175"}],"curies":[{"name":"wp","href":"https:\/\/api.w.org\/{rel}","templated":true}]}}