{"id":5179,"date":"2023-03-08T10:39:53","date_gmt":"2023-03-08T10:39:53","guid":{"rendered":"https:\/\/hasselsprockets.com\/hakkimizda\/"},"modified":"2024-11-25T09:29:05","modified_gmt":"2024-11-25T09:29:05","slug":"hakkimizda","status":"publish","type":"page","link":"https:\/\/hasselsprockets.com\/tr\/hakkimizda\/","title":{"rendered":"Hakk\u0131m\u0131zda"},"content":{"rendered":"\t\t<div data-elementor-type=\"wp-page\" data-elementor-id=\"5179\" class=\"elementor elementor-5179\">\n\t\t\t\t<div class=\"elementor-element elementor-element-df90300 e-flex e-con-boxed e-con e-parent\" data-id=\"df90300\" data-element_type=\"container\" data-e-type=\"container\">\n\t\t\t\t\t<div class=\"e-con-inner\">\n\t\t\t\t<div class=\"elementor-element elementor-element-a9f2d8a elementor-widget elementor-widget-shortcode\" data-id=\"a9f2d8a\" data-element_type=\"widget\" data-e-type=\"widget\" data-widget_type=\"shortcode.default\">\n\t\t\t\t<div class=\"elementor-widget-container\">\n\t\t\t\t\t\t\t<div class=\"elementor-shortcode\">\n<div\n\t class=\"wpml-ls-statics-shortcode_actions wpml-ls wpml-ls-legacy-dropdown js-wpml-ls-legacy-dropdown\">\n\t<ul>\n\n\t\t<li tabindex=\"0\" class=\"wpml-ls-slot-shortcode_actions wpml-ls-item wpml-ls-item-tr wpml-ls-current-language wpml-ls-item-legacy-dropdown\">\n\t\t\t<a href=\"#\" class=\"js-wpml-ls-item-toggle wpml-ls-item-toggle\">\n                                                    <img decoding=\"async\"\n            class=\"wpml-ls-flag\"\n            src=\"https:\/\/hasselsprockets.com\/wp-content\/plugins\/sitepress-multilingual-cms\/res\/flags\/tr.svg\"\n            alt=\"\"\n            width=18\n            height=12\n    \/><span class=\"wpml-ls-native\">T\u00fcrk\u00e7e<\/span><\/a>\n\n\t\t\t<ul class=\"wpml-ls-sub-menu\">\n\t\t\t\t\n\t\t\t\t\t<li class=\"wpml-ls-slot-shortcode_actions wpml-ls-item wpml-ls-item-en wpml-ls-first-item\">\n\t\t\t\t\t\t<a href=\"https:\/\/hasselsprockets.com\/\" class=\"wpml-ls-link\">\n                                                                <img decoding=\"async\"\n            class=\"wpml-ls-flag\"\n            src=\"https:\/\/hasselsprockets.com\/wp-content\/plugins\/sitepress-multilingual-cms\/res\/flags\/en.svg\"\n            alt=\"\"\n            width=18\n            height=12\n    \/><span class=\"wpml-ls-native\" lang=\"en\">English<\/span><span class=\"wpml-ls-display\"><span class=\"wpml-ls-bracket\"> (<\/span>\u0130ngilizce<span class=\"wpml-ls-bracket\">)<\/span><\/span><\/a>\n\t\t\t\t\t<\/li>\n\n\t\t\t\t\n\t\t\t\t\t<li class=\"wpml-ls-slot-shortcode_actions wpml-ls-item wpml-ls-item-ru\">\n\t\t\t\t\t\t<a href=\"https:\/\/hasselsprockets.com\/ru\/\" class=\"wpml-ls-link\">\n                                                                <img decoding=\"async\"\n            class=\"wpml-ls-flag\"\n            src=\"https:\/\/hasselsprockets.com\/wp-content\/plugins\/sitepress-multilingual-cms\/res\/flags\/ru.svg\"\n            alt=\"\"\n            width=18\n            height=12\n    \/><span class=\"wpml-ls-native\" lang=\"ru\">\u0420\u0443\u0441\u0441\u043a\u0438\u0439<\/span><span class=\"wpml-ls-display\"><span class=\"wpml-ls-bracket\"> (<\/span>Rus\u00e7a<span class=\"wpml-ls-bracket\">)<\/span><\/span><\/a>\n\t\t\t\t\t<\/li>\n\n\t\t\t\t\n\t\t\t\t\t<li class=\"wpml-ls-slot-shortcode_actions wpml-ls-item wpml-ls-item-ar wpml-ls-last-item\">\n\t\t\t\t\t\t<a href=\"https:\/\/hasselsprockets.com\/ar\/\" class=\"wpml-ls-link\">\n                                                                <img decoding=\"async\"\n            class=\"wpml-ls-flag\"\n            src=\"https:\/\/hasselsprockets.com\/wp-content\/plugins\/sitepress-multilingual-cms\/res\/flags\/ar.svg\"\n            alt=\"\"\n            width=18\n            height=12\n    \/><span class=\"wpml-ls-native\" lang=\"ar\">\u0627\u0644\u0639\u0631\u0628\u064a\u0629<\/span><span class=\"wpml-ls-display\"><span class=\"wpml-ls-bracket\"> (<\/span>Arap\u00e7a<span class=\"wpml-ls-bracket\">)<\/span><\/span><\/a>\n\t\t\t\t\t<\/li>\n\n\t\t\t\t\t\t\t<\/ul>\n\n\t\t<\/li>\n\n\t<\/ul>\n<\/div>\n<\/div>\n\t\t\t\t\t\t<\/div>\n\t\t\t\t<\/div>\n\t\t\t\t\t<\/div>\n\t\t\t\t<\/div>\n\t\t\t\t<section class=\"elementor-section elementor-top-section elementor-element elementor-element-ebab944 elementor-section-full_width elementor-section-height-default elementor-section-height-default\" data-id=\"ebab944\" data-element_type=\"section\" data-e-type=\"section\">\n\t\t\t\t\t\t<div class=\"elementor-container elementor-column-gap-no\">\n\t\t\t\t\t<div class=\"elementor-column elementor-col-100 elementor-top-column elementor-element elementor-element-43e8c75\" data-id=\"43e8c75\" data-element_type=\"column\" data-e-type=\"column\">\n\t\t\t<div class=\"elementor-widget-wrap elementor-element-populated\">\n\t\t\t\t\t\t<div class=\"elementor-element elementor-element-9742ef0 elementor-widget elementor-widget-blonwe-page-banner\" data-id=\"9742ef0\" data-element_type=\"widget\" data-e-type=\"widget\" data-widget_type=\"blonwe-page-banner.default\">\n\t\t\t\t<div class=\"elementor-widget-container\">\n\t\t\t\t\t<div class=\"page-header centered large light\"><div class=\"container\"><div class=\"page-header-inner\"><h5 class=\"entry-subtitle\"><\/h5><h1 class=\"entry-title large\">Hakk\u0131m\u0131zda<\/h1><div class=\"entry-description\"><p><\/p><\/div><\/div><\/div><div class=\"page-header-image overlay-25\"><img decoding=\"async\" src=\"https:\/\/hasselsprockets.com\/wp-content\/uploads\/2024\/11\/1000125793.webp\"><\/div><\/div>\t\t\t\t<\/div>\n\t\t\t\t<\/div>\n\t\t\t\t\t<\/div>\n\t\t<\/div>\n\t\t\t\t\t<\/div>\n\t\t<\/section>\n\t\t<div class=\"elementor-element elementor-element-94d28ad e-flex e-con-boxed e-con e-parent\" data-id=\"94d28ad\" data-element_type=\"container\" data-e-type=\"container\">\n\t\t\t\t\t<div class=\"e-con-inner\">\n\t\t\t\t<div class=\"elementor-element elementor-element-86221e6 elementor-widget elementor-widget-heading\" data-id=\"86221e6\" data-element_type=\"widget\" data-e-type=\"widget\" data-widget_type=\"heading.default\">\n\t\t\t\t<div class=\"elementor-widget-container\">\n\t\t\t\t\t<h1 class=\"elementor-heading-title elementor-size-default\">Hassel End\u00fcstriyel \u00dcr\u00fcnler<\/h1>\t\t\t\t<\/div>\n\t\t\t\t<\/div>\n\t\t\t\t\t<\/div>\n\t\t\t\t<\/div>\n\t\t\t\t<section class=\"elementor-section elementor-top-section elementor-element elementor-element-e940514 elementor-section-boxed elementor-section-height-default elementor-section-height-default\" data-id=\"e940514\" data-element_type=\"section\" data-e-type=\"section\">\n\t\t\t\t\t\t<div class=\"elementor-container elementor-column-gap-extended\">\n\t\t\t\t\t<div class=\"elementor-column elementor-col-50 elementor-top-column elementor-element elementor-element-bb09960\" data-id=\"bb09960\" data-element_type=\"column\" data-e-type=\"column\">\n\t\t\t<div class=\"elementor-widget-wrap elementor-element-populated\">\n\t\t\t\t\t\t<div class=\"elementor-element elementor-element-f08d536 elementor-widget__width-initial elementor-widget elementor-widget-image\" data-id=\"f08d536\" data-element_type=\"widget\" data-e-type=\"widget\" data-widget_type=\"image.default\">\n\t\t\t\t<div class=\"elementor-widget-container\">\n\t\t\t\t\t\t\t\t\t\t\t\t\t\t\t<img fetchpriority=\"high\" decoding=\"async\" width=\"607\" height=\"486\" src=\"https:\/\/hasselsprockets.com\/wp-content\/uploads\/2024\/11\/1000125713.webp\" class=\"attachment-full size-full wp-image-4202\" alt=\"\" srcset=\"https:\/\/hasselsprockets.com\/wp-content\/uploads\/2024\/11\/1000125713.webp 607w, https:\/\/hasselsprockets.com\/wp-content\/uploads\/2024\/11\/1000125713-67x54.webp 67w, https:\/\/hasselsprockets.com\/wp-content\/uploads\/2024\/11\/1000125713-300x240.webp 300w, https:\/\/hasselsprockets.com\/wp-content\/uploads\/2024\/11\/1000125713-600x480.webp 600w\" sizes=\"(max-width: 607px) 100vw, 607px\" \/>\t\t\t\t\t\t\t\t\t\t\t\t\t\t\t<\/div>\n\t\t\t\t<\/div>\n\t\t\t\t\t<\/div>\n\t\t<\/div>\n\t\t\t\t<div class=\"elementor-column elementor-col-50 elementor-top-column elementor-element elementor-element-ac0afb8\" data-id=\"ac0afb8\" data-element_type=\"column\" data-e-type=\"column\">\n\t\t\t<div class=\"elementor-widget-wrap elementor-element-populated\">\n\t\t\t\t\t\t<div class=\"elementor-element elementor-element-06e6bbe elementor-widget elementor-widget-text-editor\" data-id=\"06e6bbe\" data-element_type=\"widget\" data-e-type=\"widget\" data-widget_type=\"text-editor.default\">\n\t\t\t\t<div class=\"elementor-widget-container\">\n\t\t\t\t\t\t\t\t\t<p>Hassel, 1968 y\u0131l\u0131nda Hasan ve Sel\u00e7uk \u00d6z\u00e7oban taraf\u0131ndan bir aile \u015firketi olarak kurulmu\u015ftur. 1988 y\u0131l\u0131ndan itibaren \u015firketimiz, zincir di\u015flileri ve elastik di\u015fli mafsallar\u0131 \u00fcretimine odaklanarak h\u0131zla sekt\u00f6r\u00fcn \u00f6nde gelen \u015firketlerinden biri haline gelmi\u015ftir. <\/p>\n<p>Teknolojiye yapt\u0131\u011f\u0131m\u0131z yat\u0131r\u0131mlar ve \u00f6zverili \u00e7al\u0131\u015fmalar\u0131m\u0131z sayesinde, Hassel, T\u00fcrkiye&#8217;de s\u00fcrd\u00fcr\u00fclebilir ve g\u00fcvenilir bir i\u015fletme olarak kendini kan\u0131tlam\u0131\u015ft\u0131r. 2002 y\u0131l\u0131nda, S\u00fcleyman Demirel Organize Sanayi B\u00f6lgesi&#8217;nde 10.000 m\u00b2 alanda modern fabrikam\u0131z\u0131 kurduk. <\/p>\n<p>Entegre tesisimizde, y\u00fcksek kaliteli zincir di\u015flileri, elastik di\u015fli mafsallar\u0131, hidrolik-pn\u00f6matik ba\u011flant\u0131 ekipmanlar\u0131 ve aksesuarlar\u0131 \u00fcretmek i\u00e7in CNC teknolojisi, deneyimli bir teknik ekip ve s\u00fcrekli AR-GE \u00e7al\u0131\u015fmalar\u0131ndan faydalanmaktay\u0131z.<\/p>\n<p>Hem T\u00fcrkiye&#8217;de hem de yurt d\u0131\u015f\u0131nda g\u00fc\u00e7l\u00fc bir distrib\u00fct\u00f6r a\u011f\u0131na ve geni\u015f \u00fcr\u00fcn stoklar\u0131na sahip olan \u015firketimiz, m\u00fc\u015fterilerimizin taleplerini verimli ve etkili bir \u015fekilde kar\u015f\u0131lamak i\u00e7in donan\u0131ml\u0131d\u0131r. \u00dcr\u00fcn yelpazemizi geni\u015fletmek ve daha y\u00fcksek kaliteli \u00fcr\u00fcnler ve hizmetler sunmak, temel hedeflerimiz aras\u0131nda yer almaktad\u0131r. <\/p>\n<p>Hassel olarak, sekt\u00f6r\u00fcm\u00fczdeki liderli\u011fimizi s\u00fcrd\u00fcrmeye ve m\u00fc\u015fterilerimize en iyi \u00e7\u00f6z\u00fcmleri sunmaya kararl\u0131y\u0131z.<\/p>\n\t\t\t\t\t\t\t\t<\/div>\n\t\t\t\t<\/div>\n\t\t\t\t\t<\/div>\n\t\t<\/div>\n\t\t\t\t\t<\/div>\n\t\t<\/section>\n\t\t\t\t<section class=\"elementor-section elementor-top-section elementor-element elementor-element-9cb06d4 elementor-section-boxed elementor-section-height-default elementor-section-height-default\" data-id=\"9cb06d4\" data-element_type=\"section\" data-e-type=\"section\">\n\t\t\t\t\t\t<div class=\"elementor-container elementor-column-gap-extended\">\n\t\t\t\t\t<div class=\"elementor-column elementor-col-100 elementor-top-column elementor-element elementor-element-0e7d1a9\" data-id=\"0e7d1a9\" data-element_type=\"column\" data-e-type=\"column\">\n\t\t\t<div class=\"elementor-widget-wrap elementor-element-populated\">\n\t\t\t\t\t\t<div class=\"elementor-element elementor-element-33bf3ad elementor-widget-divider--view-line elementor-widget elementor-widget-divider\" data-id=\"33bf3ad\" data-element_type=\"widget\" data-e-type=\"widget\" data-widget_type=\"divider.default\">\n\t\t\t\t<div class=\"elementor-widget-container\">\n\t\t\t\t\t\t\t<div class=\"elementor-divider\">\n\t\t\t<span class=\"elementor-divider-separator\">\n\t\t\t\t\t\t<\/span>\n\t\t<\/div>\n\t\t\t\t\t\t<\/div>\n\t\t\t\t<\/div>\n\t\t\t\t\t<\/div>\n\t\t<\/div>\n\t\t\t\t\t<\/div>\n\t\t<\/section>\n\t\t\t\t<section class=\"elementor-section elementor-top-section elementor-element elementor-element-67838b1 elementor-section-boxed elementor-section-height-default elementor-section-height-default\" data-id=\"67838b1\" data-element_type=\"section\" data-e-type=\"section\">\n\t\t\t\t\t\t<div class=\"elementor-container elementor-column-gap-extended\">\n\t\t\t\t\t<div class=\"elementor-column elementor-col-33 elementor-top-column elementor-element elementor-element-27e1329\" data-id=\"27e1329\" data-element_type=\"column\" data-e-type=\"column\">\n\t\t\t<div class=\"elementor-widget-wrap elementor-element-populated\">\n\t\t\t\t\t\t<div class=\"elementor-element elementor-element-6524c04 elementor-widget elementor-widget-blonwe-icon-box\" data-id=\"6524c04\" data-element_type=\"widget\" data-e-type=\"widget\" data-widget_type=\"blonwe-icon-box.default\">\n\t\t\t\t<div class=\"elementor-widget-container\">\n\t\t\t\t\t<div class=\"klb-module module-iconbox \"><div class=\"module-body\"><div class=\"iconbox-icon\"><i class=\"klb-delivery-icon-ship-o\"><\/i><\/div><div class=\"iconbox-content\"><h4 class=\"entry-title\">Her Yere Teslimat<\/h4><p>Her Yere Kargo \u0130mkan\u0131<\/p><\/div> <\/div> <\/div>\t\t\t\t<\/div>\n\t\t\t\t<\/div>\n\t\t\t\t\t<\/div>\n\t\t<\/div>\n\t\t\t\t<div class=\"elementor-column elementor-col-33 elementor-top-column elementor-element elementor-element-a5dab5c\" data-id=\"a5dab5c\" data-element_type=\"column\" data-e-type=\"column\">\n\t\t\t<div class=\"elementor-widget-wrap elementor-element-populated\">\n\t\t\t\t\t\t<div class=\"elementor-element elementor-element-e01a484 elementor-widget elementor-widget-blonwe-icon-box\" data-id=\"e01a484\" data-element_type=\"widget\" data-e-type=\"widget\" data-widget_type=\"blonwe-icon-box.default\">\n\t\t\t\t<div class=\"elementor-widget-container\">\n\t\t\t\t\t<div class=\"klb-module module-iconbox \"><div class=\"module-body\"><div class=\"iconbox-icon\"><i class=\"klb-delivery-icon-call-center\"><\/i><\/div><div class=\"iconbox-content\"><h4 class=\"entry-title\">Canl\u0131 Destek 24\/7<\/h4><p>24  saat canl\u0131 destek veriyoruz\n<\/p><\/div> <\/div> <\/div>\t\t\t\t<\/div>\n\t\t\t\t<\/div>\n\t\t\t\t\t<\/div>\n\t\t<\/div>\n\t\t\t\t<div class=\"elementor-column elementor-col-33 elementor-top-column elementor-element elementor-element-620af84\" data-id=\"620af84\" data-element_type=\"column\" data-e-type=\"column\">\n\t\t\t<div class=\"elementor-widget-wrap elementor-element-populated\">\n\t\t\t\t\t\t<div class=\"elementor-element elementor-element-18e4933 elementor-widget elementor-widget-blonwe-icon-box\" data-id=\"18e4933\" data-element_type=\"widget\" data-e-type=\"widget\" data-widget_type=\"blonwe-icon-box.default\">\n\t\t\t\t<div class=\"elementor-widget-container\">\n\t\t\t\t\t<div class=\"klb-module module-iconbox \"><div class=\"module-body\"><div class=\"iconbox-icon\"><i class=\"klb-delivery-icon-credit-card\"><\/i><\/div><div class=\"iconbox-content\"><h4 class=\"entry-title\">G\u00fcvenilir \u00d6deme<\/h4><p>G\u00fcvenilir \u00f6deme y\u00f6ntemleri kullan\u0131yoruz.<\/p><\/div> <\/div> <\/div>\t\t\t\t<\/div>\n\t\t\t\t<\/div>\n\t\t\t\t\t<\/div>\n\t\t<\/div>\n\t\t\t\t\t<\/div>\n\t\t<\/section>\n\t\t\t\t<\/div>\n\t\t","protected":false},"excerpt":{"rendered":"<p>Hakk\u0131m\u0131zda Hassel End\u00fcstriyel \u00dcr\u00fcnler Hassel, 1968 y\u0131l\u0131nda Hasan ve Sel\u00e7uk \u00d6z\u00e7oban taraf\u0131ndan bir aile \u015firketi olarak kurulmu\u015ftur. 1988 y\u0131l\u0131ndan itibaren \u015firketimiz, zincir di\u015flileri ve elastik di\u015fli mafsallar\u0131 \u00fcretimine odaklanarak h\u0131zla sekt\u00f6r\u00fcn \u00f6nde gelen \u015firketlerinden biri haline gelmi\u015ftir. Teknolojiye yapt\u0131\u011f\u0131m\u0131z yat\u0131r\u0131mlar ve \u00f6zverili \u00e7al\u0131\u015fmalar\u0131m\u0131z sayesinde, Hassel, T\u00fcrkiye&#8217;de s\u00fcrd\u00fcr\u00fclebilir ve g\u00fcvenilir bir i\u015fletme olarak kendini kan\u0131tlam\u0131\u015ft\u0131r. 2002<\/p>\n<div class=\"klb-readmore button\"><a class=\"btn link\" href=\"https:\/\/hasselsprockets.com\/tr\/hakkimizda\/\">Read More <i class=\"klbth-icon-right-arrow\"><\/i><\/a><\/div>\n","protected":false},"author":3,"featured_media":0,"parent":0,"menu_order":0,"comment_status":"closed","ping_status":"closed","template":"","meta":{"footnotes":""},"class_list":["post-5179","page","type-page","status-publish","hentry"],"_links":{"self":[{"href":"https:\/\/hasselsprockets.com\/tr\/wp-json\/wp\/v2\/pages\/5179","targetHints":{"allow":["GET"]}}],"collection":[{"href":"https:\/\/hasselsprockets.com\/tr\/wp-json\/wp\/v2\/pages"}],"about":[{"href":"https:\/\/hasselsprockets.com\/tr\/wp-json\/wp\/v2\/types\/page"}],"author":[{"embeddable":true,"href":"https:\/\/hasselsprockets.com\/tr\/wp-json\/wp\/v2\/users\/3"}],"replies":[{"embeddable":true,"href":"https:\/\/hasselsprockets.com\/tr\/wp-json\/wp\/v2\/comments?post=5179"}],"version-history":[{"count":10,"href":"https:\/\/hasselsprockets.com\/tr\/wp-json\/wp\/v2\/pages\/5179\/revisions"}],"predecessor-version":[{"id":5318,"href":"https:\/\/hasselsprockets.com\/tr\/wp-json\/wp\/v2\/pages\/5179\/revisions\/5318"}],"wp:attachment":[{"href":"https:\/\/hasselsprockets.com\/tr\/wp-json\/wp\/v2\/media?parent=5179"}],"curies":[{"name":"wp","href":"https:\/\/api.w.org\/{rel}","templated":true}]}}