{"id":5234,"date":"2024-11-17T17:26:34","date_gmt":"2024-11-17T17:26:34","guid":{"rendered":"https:\/\/hasselsprockets.com\/product\/kremayer\/"},"modified":"2024-11-17T17:26:34","modified_gmt":"2024-11-17T17:26:34","slug":"kremayer","status":"publish","type":"product","link":"https:\/\/hasselsprockets.com\/tr\/product\/kremayer\/","title":{"rendered":"Kremayer"},"content":{"rendered":"\n\t\t<style type=\"text\/css\">\n\t\t\t#gallery-1 {\n\t\t\t\tmargin: auto;\n\t\t\t}\n\t\t\t#gallery-1 .gallery-item {\n\t\t\t\tfloat: left;\n\t\t\t\tmargin-top: 10px;\n\t\t\t\ttext-align: center;\n\t\t\t\twidth: 33%;\n\t\t\t}\n\t\t\t#gallery-1 img {\n\t\t\t\tborder: 2px solid #cfcfcf;\n\t\t\t}\n\t\t\t#gallery-1 .gallery-caption {\n\t\t\t\tmargin-left: 0;\n\t\t\t}\n\t\t\t\/* see gallery_shortcode() in wp-includes\/media.php *\/\n\t\t<\/style>\n\t\t<div id='gallery-1' class='gallery galleryid-5234 gallery-columns-3 gallery-size-large'><dl class='gallery-item'>\n\t\t\t<dt class='gallery-icon portrait'>\n\t\t\t\t<a href='https:\/\/hasselsprockets.com\/tr\/?attachment_id=5236'><img fetchpriority=\"high\" decoding=\"async\" width=\"724\" height=\"1024\" src=\"https:\/\/hasselsprockets.com\/wp-content\/uploads\/2024\/11\/cda1008d-53d0-4b3a-ad46-04cf03f607a9-0058-724x1024.webp\" class=\"attachment-large size-large\" alt=\"\" srcset=\"https:\/\/hasselsprockets.com\/wp-content\/uploads\/2024\/11\/cda1008d-53d0-4b3a-ad46-04cf03f607a9-0058-724x1024.webp 724w, https:\/\/hasselsprockets.com\/wp-content\/uploads\/2024\/11\/cda1008d-53d0-4b3a-ad46-04cf03f607a9-0058-212x300.webp 212w, https:\/\/hasselsprockets.com\/wp-content\/uploads\/2024\/11\/cda1008d-53d0-4b3a-ad46-04cf03f607a9-0058-768x1086.webp 768w, https:\/\/hasselsprockets.com\/wp-content\/uploads\/2024\/11\/cda1008d-53d0-4b3a-ad46-04cf03f607a9-0058-1086x1536.webp 1086w, https:\/\/hasselsprockets.com\/wp-content\/uploads\/2024\/11\/cda1008d-53d0-4b3a-ad46-04cf03f607a9-0058-1448x2048.webp 1448w, https:\/\/hasselsprockets.com\/wp-content\/uploads\/2024\/11\/cda1008d-53d0-4b3a-ad46-04cf03f607a9-0058-800x1132.webp 800w, https:\/\/hasselsprockets.com\/wp-content\/uploads\/2024\/11\/cda1008d-53d0-4b3a-ad46-04cf03f607a9-0058-38x54.webp 38w, https:\/\/hasselsprockets.com\/wp-content\/uploads\/2024\/11\/cda1008d-53d0-4b3a-ad46-04cf03f607a9-0058-scaled.webp 1810w\" sizes=\"(max-width: 724px) 100vw, 724px\" \/><\/a>\n\t\t\t<\/dt><\/dl>\n\t\t\t<br style='clear: both' \/>\n\t\t<\/div>\n\n","protected":false},"excerpt":{"rendered":"<p>Bir kremayer, d\u00f6ner hareketi do\u011frusal harekete d\u00f6n\u00fc\u015ft\u00fcrmek i\u00e7in bir pinyon ile birlikte kullan\u0131lan do\u011frusal bir di\u015flidir. Genellikle direksiyon mekanizmalar\u0131, konvey\u00f6r sistemleri ve do\u011frusal akt\u00fcat\u00f6rler gibi uygulamalarda kullan\u0131l\u0131r. <\/p>\n","protected":false},"featured_media":5235,"template":"","meta":[],"product_brand":[],"product_cat":[409,414],"product_tag":[],"class_list":{"0":"post-5234","1":"product","2":"type-product","3":"status-publish","4":"has-post-thumbnail","6":"product_cat-kaplinler","7":"product_cat-kremayerler","9":"first","10":"instock","11":"shipping-taxable","12":"product-type-simple"},"_links":{"self":[{"href":"https:\/\/hasselsprockets.com\/tr\/wp-json\/wp\/v2\/product\/5234","targetHints":{"allow":["GET"]}}],"collection":[{"href":"https:\/\/hasselsprockets.com\/tr\/wp-json\/wp\/v2\/product"}],"about":[{"href":"https:\/\/hasselsprockets.com\/tr\/wp-json\/wp\/v2\/types\/product"}],"wp:featuredmedia":[{"embeddable":true,"href":"https:\/\/hasselsprockets.com\/tr\/wp-json\/wp\/v2\/media\/5235"}],"wp:attachment":[{"href":"https:\/\/hasselsprockets.com\/tr\/wp-json\/wp\/v2\/media?parent=5234"}],"wp:term":[{"taxonomy":"product_brand","embeddable":true,"href":"https:\/\/hasselsprockets.com\/tr\/wp-json\/wp\/v2\/product_brand?post=5234"},{"taxonomy":"product_cat","embeddable":true,"href":"https:\/\/hasselsprockets.com\/tr\/wp-json\/wp\/v2\/product_cat?post=5234"},{"taxonomy":"product_tag","embeddable":true,"href":"https:\/\/hasselsprockets.com\/tr\/wp-json\/wp\/v2\/product_tag?post=5234"}],"curies":[{"name":"wp","href":"https:\/\/api.w.org\/{rel}","templated":true}]}}